{"id":2624,"date":"2021-10-14T14:18:01","date_gmt":"2021-10-14T14:18:01","guid":{"rendered":"http:\/\/hevitex.fi\/?page_id=2624"},"modified":"2021-10-19T06:40:44","modified_gmt":"2021-10-19T06:40:44","slug":"meista","status":"publish","type":"page","link":"https:\/\/www.hevitex.fi\/?page_id=2624","title":{"rendered":"Meist\u00e4"},"content":{"rendered":"\t\t<div data-elementor-type=\"wp-post\" data-elementor-id=\"2624\" class=\"elementor elementor-2624\" data-elementor-post-type=\"page\">\n\t\t\t\t\t\t<section class=\"elementor-section elementor-top-section elementor-element elementor-element-euytlwr elementor-section-boxed elementor-section-height-default elementor-section-height-default\" data-id=\"euytlwr\" data-element_type=\"section\" data-e-type=\"section\" data-settings=\"{&quot;background_background&quot;:&quot;classic&quot;}\">\n\t\t\t\t\t\t<div class=\"elementor-container elementor-column-gap-no\">\n\t\t\t\t\t<div class=\"elementor-column elementor-col-100 elementor-top-column elementor-element elementor-element-4a48e47\" data-id=\"4a48e47\" data-element_type=\"column\" data-e-type=\"column\">\n\t\t\t<div class=\"elementor-widget-wrap elementor-element-populated\">\n\t\t\t\t\t\t<section class=\"elementor-section elementor-inner-section elementor-element elementor-element-cff6f7e elementor-section-boxed elementor-section-height-default elementor-section-height-default\" data-id=\"cff6f7e\" data-element_type=\"section\" data-e-type=\"section\">\n\t\t\t\t\t\t<div class=\"elementor-container elementor-column-gap-no\">\n\t\t\t\t\t<div class=\"elementor-column elementor-col-100 elementor-inner-column elementor-element elementor-element-28b28de\" data-id=\"28b28de\" data-element_type=\"column\" data-e-type=\"column\">\n\t\t\t<div class=\"elementor-widget-wrap elementor-element-populated\">\n\t\t\t\t\t\t<div class=\"elementor-element elementor-element-952c0ae elementor-widget elementor-widget-heading\" data-id=\"952c0ae\" data-element_type=\"widget\" data-e-type=\"widget\" data-widget_type=\"heading.default\">\n\t\t\t\t<div class=\"elementor-widget-container\">\n\t\t\t\t\t<div class=\"elementor-heading-title elementor-size-default\">Palvelua jo vuodesta 2001<\/div>\t\t\t\t<\/div>\n\t\t\t\t<\/div>\n\t\t\t\t<div class=\"elementor-element elementor-element-2a6fb3a elementor-widget elementor-widget-text-editor\" data-id=\"2a6fb3a\" data-element_type=\"widget\" data-e-type=\"widget\" data-widget_type=\"text-editor.default\">\n\t\t\t\t<div class=\"elementor-widget-container\">\n\t\t\t\t\t\t\t\t\t<p>Hevitex Oy<\/p><p>Hevitex Oy tarjoaa asiakkailleen ammattitaitoista palvelua mainos \u2013ja liikelahja asioissa jo vuodesta 2001 l\u00e4htien. L\u00e4ht\u00f6kohtamme on toimia asiakasl\u00e4ht\u00f6ist\u00e4 ja luotettavasti. Tarjoamme palveluita yrityksille, julkiselle sektorille sek\u00e4 yhdistyksille.<\/p><p>Tuotevalikoimassamme on laaja valikoima mainos \u2013ja liikelahjoja. Tuotteemme voidaan yksil\u00f6id\u00e4 asiakaskohtaisesti logomerkkauksin. Palveluumme kuuluu opastaa ja neuvoa asiakasta kulloiseenkin tilanteeseen parhaiten sopivan tuotteen sek\u00e4 merkkaustavan valinnassa.<\/p><p>Valikoimassa on paljon mielenkiintoisia tuotteita mit\u00e4 erin\u00e4isimpiin k\u00e4ytt\u00f6tarkoituksiin mm. yrityslahjoiksi sidosryhmille, henkil\u00f6st\u00f6lahjoiksi, messuk\u00e4ytt\u00f6\u00f6n ja muihin yritystapahtumiin, jakolahjoiksi konttorille, merkkip\u00e4iviksi, jne.. k\u00e4ytt\u00f6mahdollisuudet ovat l\u00e4hes rajattomat. Annamme mielell\u00e4mme ehdotuksia kuhunkin tilanteeseen parhaiten sopivasta tuotteesta.<\/p><p>Kotisivuillamme on esitteit\u00e4, joita selaamalla n\u00e4et ripauksen tuotevalikoimasta.<\/p><p>Nopein ja helpoin tapa edet\u00e4 asiassa on soittaa asiakaspalveluumme 050-338 95 95<br \/>Voit ottaa yhteytt\u00e4 my\u00f6s s\u00e4hk\u00f6postilla asiakaspalvelu@hevitex.fi<\/p><p>Palvelemme joustavin palveluajoin.<\/p>\t\t\t\t\t\t\t\t<\/div>\n\t\t\t\t<\/div>\n\t\t\t\t\t<\/div>\n\t\t<\/div>\n\t\t\t\t\t<\/div>\n\t\t<\/section>\n\t\t\t\t\t<\/div>\n\t\t<\/div>\n\t\t\t\t\t<\/div>\n\t\t<\/section>\n\t\t\t\t<\/div>\n\t\t","protected":false},"excerpt":{"rendered":"<p>Palvelua jo vuodesta 2001 Hevitex Oy Hevitex Oy tarjoaa asiakkailleen ammattitaitoista palvelua mainos \u2013ja liikelahja asioissa jo vuodesta 2001 l\u00e4htien. L\u00e4ht\u00f6kohtamme on toimia asiakasl\u00e4ht\u00f6ist\u00e4 ja luotettavasti. Tarjoamme palveluita yrityksille, julkiselle sektorille sek\u00e4 yhdistyksille. Tuotevalikoimassamme on laaja valikoima mainos \u2013ja liikelahjoja. &hellip;<\/p>\n<p class=\"read-more\"> <a class=\"more-link\" href=\"https:\/\/www.hevitex.fi\/?page_id=2624\"> <span class=\"screen-reader-text\">Meist\u00e4<\/span> Lue lis\u00e4\u00e4 &raquo;<\/a><\/p>\n","protected":false},"author":1,"featured_media":0,"parent":0,"menu_order":0,"comment_status":"closed","ping_status":"closed","template":"elementor_header_footer","meta":{"_acf_changed":false,"footnotes":""},"class_list":["post-2624","page","type-page","status-publish","hentry"],"acf":[],"yoast_head":"<!-- This site is optimized with the Yoast SEO plugin v27.5 - https:\/\/yoast.com\/product\/yoast-seo-wordpress\/ -->\n<title>Meist\u00e4 - Hevitex Oy<\/title>\n<meta name=\"robots\" content=\"index, follow, max-snippet:-1, max-image-preview:large, max-video-preview:-1\" \/>\n<link rel=\"canonical\" href=\"https:\/\/hevitex.fi\/?page_id=2624\" \/>\n<meta property=\"og:locale\" content=\"fi_FI\" \/>\n<meta property=\"og:type\" content=\"article\" \/>\n<meta property=\"og:title\" content=\"Meist\u00e4 - Hevitex Oy\" \/>\n<meta property=\"og:description\" content=\"Palvelua jo vuodesta 2001 Hevitex Oy Hevitex Oy tarjoaa asiakkailleen ammattitaitoista palvelua mainos \u2013ja liikelahja asioissa jo vuodesta 2001 l\u00e4htien. L\u00e4ht\u00f6kohtamme on toimia asiakasl\u00e4ht\u00f6ist\u00e4 ja luotettavasti. Tarjoamme palveluita yrityksille, julkiselle sektorille sek\u00e4 yhdistyksille. Tuotevalikoimassamme on laaja valikoima mainos \u2013ja liikelahjoja. &hellip; Meist\u00e4 Lue lis\u00e4\u00e4 &raquo;\" \/>\n<meta property=\"og:url\" content=\"https:\/\/hevitex.fi\/?page_id=2624\" \/>\n<meta property=\"og:site_name\" content=\"Hevitex Oy\" \/>\n<meta property=\"article:modified_time\" content=\"2021-10-19T06:40:44+00:00\" \/>\n<meta name=\"twitter:card\" content=\"summary_large_image\" \/>\n<meta name=\"twitter:label1\" content=\"Arvioitu lukuaika\" \/>\n\t<meta name=\"twitter:data1\" content=\"1 minuutti\" \/>\n<script type=\"application\/ld+json\" class=\"yoast-schema-graph\">{\"@context\":\"https:\\\/\\\/schema.org\",\"@graph\":[{\"@type\":\"WebPage\",\"@id\":\"https:\\\/\\\/hevitex.fi\\\/?page_id=2624\",\"url\":\"https:\\\/\\\/hevitex.fi\\\/?page_id=2624\",\"name\":\"Meist\u00e4 - Hevitex Oy\",\"isPartOf\":{\"@id\":\"https:\\\/\\\/hevitex.fi\\\/#website\"},\"datePublished\":\"2021-10-14T14:18:01+00:00\",\"dateModified\":\"2021-10-19T06:40:44+00:00\",\"breadcrumb\":{\"@id\":\"https:\\\/\\\/hevitex.fi\\\/?page_id=2624#breadcrumb\"},\"inLanguage\":\"fi\",\"potentialAction\":[{\"@type\":\"ReadAction\",\"target\":[\"https:\\\/\\\/hevitex.fi\\\/?page_id=2624\"]}]},{\"@type\":\"BreadcrumbList\",\"@id\":\"https:\\\/\\\/hevitex.fi\\\/?page_id=2624#breadcrumb\",\"itemListElement\":[{\"@type\":\"ListItem\",\"position\":1,\"name\":\"Home\",\"item\":\"https:\\\/\\\/hevitex.fi\\\/\"},{\"@type\":\"ListItem\",\"position\":2,\"name\":\"Meist\u00e4\"}]},{\"@type\":\"WebSite\",\"@id\":\"https:\\\/\\\/hevitex.fi\\\/#website\",\"url\":\"https:\\\/\\\/hevitex.fi\\\/\",\"name\":\"Hevitex Oy\",\"description\":\"Mainos -ja liikelahjat\",\"publisher\":{\"@id\":\"https:\\\/\\\/hevitex.fi\\\/#organization\"},\"potentialAction\":[{\"@type\":\"SearchAction\",\"target\":{\"@type\":\"EntryPoint\",\"urlTemplate\":\"https:\\\/\\\/hevitex.fi\\\/?s={search_term_string}\"},\"query-input\":{\"@type\":\"PropertyValueSpecification\",\"valueRequired\":true,\"valueName\":\"search_term_string\"}}],\"inLanguage\":\"fi\"},{\"@type\":\"Organization\",\"@id\":\"https:\\\/\\\/hevitex.fi\\\/#organization\",\"name\":\"Hevitex Oy\",\"url\":\"https:\\\/\\\/hevitex.fi\\\/\",\"logo\":{\"@type\":\"ImageObject\",\"inLanguage\":\"fi\",\"@id\":\"https:\\\/\\\/hevitex.fi\\\/#\\\/schema\\\/logo\\\/image\\\/\",\"url\":\"https:\\\/\\\/www.hevitex.fi\\\/wp-content\\\/uploads\\\/2020\\\/02\\\/Hevitex_logo_5.10.2021-1-e1634214465393.jpg\",\"contentUrl\":\"https:\\\/\\\/www.hevitex.fi\\\/wp-content\\\/uploads\\\/2020\\\/02\\\/Hevitex_logo_5.10.2021-1-e1634214465393.jpg\",\"width\":70,\"height\":70,\"caption\":\"Hevitex Oy\"},\"image\":{\"@id\":\"https:\\\/\\\/hevitex.fi\\\/#\\\/schema\\\/logo\\\/image\\\/\"}}]}<\/script>\n<!-- \/ Yoast SEO plugin. -->","yoast_head_json":{"title":"Meist\u00e4 - Hevitex Oy","robots":{"index":"index","follow":"follow","max-snippet":"max-snippet:-1","max-image-preview":"max-image-preview:large","max-video-preview":"max-video-preview:-1"},"canonical":"https:\/\/hevitex.fi\/?page_id=2624","og_locale":"fi_FI","og_type":"article","og_title":"Meist\u00e4 - Hevitex Oy","og_description":"Palvelua jo vuodesta 2001 Hevitex Oy Hevitex Oy tarjoaa asiakkailleen ammattitaitoista palvelua mainos \u2013ja liikelahja asioissa jo vuodesta 2001 l\u00e4htien. L\u00e4ht\u00f6kohtamme on toimia asiakasl\u00e4ht\u00f6ist\u00e4 ja luotettavasti. Tarjoamme palveluita yrityksille, julkiselle sektorille sek\u00e4 yhdistyksille. Tuotevalikoimassamme on laaja valikoima mainos \u2013ja liikelahjoja. &hellip; Meist\u00e4 Lue lis\u00e4\u00e4 &raquo;","og_url":"https:\/\/hevitex.fi\/?page_id=2624","og_site_name":"Hevitex Oy","article_modified_time":"2021-10-19T06:40:44+00:00","twitter_card":"summary_large_image","twitter_misc":{"Arvioitu lukuaika":"1 minuutti"},"schema":{"@context":"https:\/\/schema.org","@graph":[{"@type":"WebPage","@id":"https:\/\/hevitex.fi\/?page_id=2624","url":"https:\/\/hevitex.fi\/?page_id=2624","name":"Meist\u00e4 - Hevitex Oy","isPartOf":{"@id":"https:\/\/hevitex.fi\/#website"},"datePublished":"2021-10-14T14:18:01+00:00","dateModified":"2021-10-19T06:40:44+00:00","breadcrumb":{"@id":"https:\/\/hevitex.fi\/?page_id=2624#breadcrumb"},"inLanguage":"fi","potentialAction":[{"@type":"ReadAction","target":["https:\/\/hevitex.fi\/?page_id=2624"]}]},{"@type":"BreadcrumbList","@id":"https:\/\/hevitex.fi\/?page_id=2624#breadcrumb","itemListElement":[{"@type":"ListItem","position":1,"name":"Home","item":"https:\/\/hevitex.fi\/"},{"@type":"ListItem","position":2,"name":"Meist\u00e4"}]},{"@type":"WebSite","@id":"https:\/\/hevitex.fi\/#website","url":"https:\/\/hevitex.fi\/","name":"Hevitex Oy","description":"Mainos -ja liikelahjat","publisher":{"@id":"https:\/\/hevitex.fi\/#organization"},"potentialAction":[{"@type":"SearchAction","target":{"@type":"EntryPoint","urlTemplate":"https:\/\/hevitex.fi\/?s={search_term_string}"},"query-input":{"@type":"PropertyValueSpecification","valueRequired":true,"valueName":"search_term_string"}}],"inLanguage":"fi"},{"@type":"Organization","@id":"https:\/\/hevitex.fi\/#organization","name":"Hevitex Oy","url":"https:\/\/hevitex.fi\/","logo":{"@type":"ImageObject","inLanguage":"fi","@id":"https:\/\/hevitex.fi\/#\/schema\/logo\/image\/","url":"https:\/\/www.hevitex.fi\/wp-content\/uploads\/2020\/02\/Hevitex_logo_5.10.2021-1-e1634214465393.jpg","contentUrl":"https:\/\/www.hevitex.fi\/wp-content\/uploads\/2020\/02\/Hevitex_logo_5.10.2021-1-e1634214465393.jpg","width":70,"height":70,"caption":"Hevitex Oy"},"image":{"@id":"https:\/\/hevitex.fi\/#\/schema\/logo\/image\/"}}]}},"_links":{"self":[{"href":"https:\/\/www.hevitex.fi\/index.php?rest_route=\/wp\/v2\/pages\/2624","targetHints":{"allow":["GET"]}}],"collection":[{"href":"https:\/\/www.hevitex.fi\/index.php?rest_route=\/wp\/v2\/pages"}],"about":[{"href":"https:\/\/www.hevitex.fi\/index.php?rest_route=\/wp\/v2\/types\/page"}],"author":[{"embeddable":true,"href":"https:\/\/www.hevitex.fi\/index.php?rest_route=\/wp\/v2\/users\/1"}],"replies":[{"embeddable":true,"href":"https:\/\/www.hevitex.fi\/index.php?rest_route=%2Fwp%2Fv2%2Fcomments&post=2624"}],"version-history":[{"count":5,"href":"https:\/\/www.hevitex.fi\/index.php?rest_route=\/wp\/v2\/pages\/2624\/revisions"}],"predecessor-version":[{"id":3051,"href":"https:\/\/www.hevitex.fi\/index.php?rest_route=\/wp\/v2\/pages\/2624\/revisions\/3051"}],"wp:attachment":[{"href":"https:\/\/www.hevitex.fi\/index.php?rest_route=%2Fwp%2Fv2%2Fmedia&parent=2624"}],"curies":[{"name":"wp","href":"https:\/\/api.w.org\/{rel}","templated":true}]}}