{"id":2629,"date":"2021-10-14T14:20:41","date_gmt":"2021-10-14T14:20:41","guid":{"rendered":"http:\/\/hevitex.fi\/?page_id=2629"},"modified":"2023-05-04T16:12:42","modified_gmt":"2023-05-04T16:12:42","slug":"yhteystiedot","status":"publish","type":"page","link":"https:\/\/www.hevitex.fi\/?page_id=2629","title":{"rendered":"Yhteystiedot"},"content":{"rendered":"\t\t<div data-elementor-type=\"wp-page\" data-elementor-id=\"2629\" class=\"elementor elementor-2629\" data-elementor-post-type=\"page\">\n\t\t\t\t\t\t<section class=\"elementor-section elementor-top-section elementor-element elementor-element-34589ff9 elementor-section-full_width elementor-section-height-default elementor-section-height-default\" data-id=\"34589ff9\" data-element_type=\"section\" data-e-type=\"section\">\n\t\t\t\t\t\t<div class=\"elementor-container elementor-column-gap-default\">\n\t\t\t\t\t<div class=\"elementor-column elementor-col-100 elementor-top-column elementor-element elementor-element-346467b7\" data-id=\"346467b7\" data-element_type=\"column\" data-e-type=\"column\">\n\t\t\t<div class=\"elementor-widget-wrap elementor-element-populated\">\n\t\t\t\t\t\t\t<\/div>\n\t\t<\/div>\n\t\t\t\t\t<\/div>\n\t\t<\/section>\n\t\t\t\t<section class=\"elementor-section elementor-top-section elementor-element elementor-element-8b71a50 elementor-section-boxed elementor-section-height-default elementor-section-height-default\" data-id=\"8b71a50\" data-element_type=\"section\" data-e-type=\"section\">\n\t\t\t\t\t\t<div class=\"elementor-container elementor-column-gap-default\">\n\t\t\t\t\t<div class=\"elementor-column elementor-col-100 elementor-top-column elementor-element elementor-element-5430d5d\" data-id=\"5430d5d\" data-element_type=\"column\" data-e-type=\"column\">\n\t\t\t<div class=\"elementor-widget-wrap elementor-element-populated\">\n\t\t\t\t\t\t<div class=\"elementor-element elementor-element-873dd0b elementor-widget elementor-widget-heading\" data-id=\"873dd0b\" data-element_type=\"widget\" data-e-type=\"widget\" data-widget_type=\"heading.default\">\n\t\t\t\t<div class=\"elementor-widget-container\">\n\t\t\t\t\t<h1 class=\"elementor-heading-title elementor-size-default\">Otamme meihin yhteytt\u00e4, autamme mielell\u00e4mme.<\/h1>\t\t\t\t<\/div>\n\t\t\t\t<\/div>\n\t\t\t\t\t<\/div>\n\t\t<\/div>\n\t\t\t\t\t<\/div>\n\t\t<\/section>\n\t\t\t\t<section class=\"elementor-section elementor-top-section elementor-element elementor-element-620e756 elementor-section-boxed elementor-section-height-default elementor-section-height-default\" data-id=\"620e756\" data-element_type=\"section\" data-e-type=\"section\">\n\t\t\t\t\t\t<div class=\"elementor-container elementor-column-gap-default\">\n\t\t\t\t\t<div class=\"elementor-column elementor-col-100 elementor-top-column elementor-element elementor-element-bcf1a6d\" data-id=\"bcf1a6d\" data-element_type=\"column\" data-e-type=\"column\">\n\t\t\t<div class=\"elementor-widget-wrap elementor-element-populated\">\n\t\t\t\t\t\t<div class=\"elementor-element elementor-element-4eeeeecf elementor-widget elementor-widget-image\" data-id=\"4eeeeecf\" data-element_type=\"widget\" data-e-type=\"widget\" data-settings=\"{&quot;motion_fx_motion_fx_scrolling&quot;:&quot;yes&quot;,&quot;motion_fx_translateY_effect&quot;:&quot;yes&quot;,&quot;motion_fx_translateY_speed&quot;:{&quot;unit&quot;:&quot;px&quot;,&quot;size&quot;:&quot;2&quot;,&quot;sizes&quot;:[]},&quot;motion_fx_devices&quot;:[&quot;desktop&quot;],&quot;motion_fx_translateY_affectedRange&quot;:{&quot;unit&quot;:&quot;%&quot;,&quot;size&quot;:&quot;&quot;,&quot;sizes&quot;:{&quot;start&quot;:0,&quot;end&quot;:100}}}\" data-widget_type=\"image.default\">\n\t\t\t\t<div class=\"elementor-widget-container\">\n\t\t\t\t\t\t\t\t\t\t\t\t\t\t\t<img fetchpriority=\"high\" decoding=\"async\" width=\"1920\" height=\"855\" src=\"https:\/\/www.hevitex.fi\/wp-content\/uploads\/2021\/10\/ASIAKASPALVELU.jpg\" class=\"attachment-full size-full wp-image-3222\" alt=\"\" srcset=\"https:\/\/www.hevitex.fi\/wp-content\/uploads\/2021\/10\/ASIAKASPALVELU.jpg 1920w, https:\/\/www.hevitex.fi\/wp-content\/uploads\/2021\/10\/ASIAKASPALVELU-300x134.jpg 300w, https:\/\/www.hevitex.fi\/wp-content\/uploads\/2021\/10\/ASIAKASPALVELU-1024x456.jpg 1024w, https:\/\/www.hevitex.fi\/wp-content\/uploads\/2021\/10\/ASIAKASPALVELU-768x342.jpg 768w, https:\/\/www.hevitex.fi\/wp-content\/uploads\/2021\/10\/ASIAKASPALVELU-1536x684.jpg 1536w, https:\/\/www.hevitex.fi\/wp-content\/uploads\/2021\/10\/ASIAKASPALVELU-600x267.jpg 600w\" sizes=\"(max-width: 1920px) 100vw, 1920px\" \/>\t\t\t\t\t\t\t\t\t\t\t\t\t\t\t<\/div>\n\t\t\t\t<\/div>\n\t\t\t\t<div class=\"elementor-element elementor-element-5f791b1 elementor-widget elementor-widget-heading\" data-id=\"5f791b1\" data-element_type=\"widget\" data-e-type=\"widget\" data-widget_type=\"heading.default\">\n\t\t\t\t<div class=\"elementor-widget-container\">\n\t\t\t\t\t<h2 class=\"elementor-heading-title elementor-size-default\"><br><br>Nopeinta palvelua saat soittamalla asiakaspalveluumme<br>050-338 9595.  Tavoitat meid\u00e4t my\u00f6s ns. virallisen virka-ajan j\u00e4lkeen.<\/h2>\t\t\t\t<\/div>\n\t\t\t\t<\/div>\n\t\t\t\t\t<\/div>\n\t\t<\/div>\n\t\t\t\t\t<\/div>\n\t\t<\/section>\n\t\t\t\t<section class=\"elementor-section elementor-top-section elementor-element elementor-element-1544339 elementor-section-boxed elementor-section-height-default elementor-section-height-default\" data-id=\"1544339\" data-element_type=\"section\" data-e-type=\"section\">\n\t\t\t\t\t\t<div class=\"elementor-container elementor-column-gap-default\">\n\t\t\t\t\t<div class=\"elementor-column elementor-col-100 elementor-top-column elementor-element elementor-element-c71cd4d\" data-id=\"c71cd4d\" data-element_type=\"column\" data-e-type=\"column\">\n\t\t\t<div class=\"elementor-widget-wrap\">\n\t\t\t\t\t\t\t<\/div>\n\t\t<\/div>\n\t\t\t\t\t<\/div>\n\t\t<\/section>\n\t\t\t\t<section class=\"elementor-section elementor-top-section elementor-element elementor-element-9acabfa elementor-section-boxed elementor-section-height-default elementor-section-height-default\" data-id=\"9acabfa\" data-element_type=\"section\" data-e-type=\"section\">\n\t\t\t\t\t\t<div class=\"elementor-container elementor-column-gap-default\">\n\t\t\t\t\t<div class=\"elementor-column elementor-col-100 elementor-top-column elementor-element elementor-element-578afa3\" data-id=\"578afa3\" data-element_type=\"column\" data-e-type=\"column\">\n\t\t\t<div class=\"elementor-widget-wrap elementor-element-populated\">\n\t\t\t\t\t\t<div class=\"elementor-element elementor-element-07f2d59 elementor-widget elementor-widget-heading\" data-id=\"07f2d59\" data-element_type=\"widget\" data-e-type=\"widget\" data-widget_type=\"heading.default\">\n\t\t\t\t<div class=\"elementor-widget-container\">\n\t\t\t\t\t<h2 class=\"elementor-heading-title elementor-size-default\"><a href=\"http:\/\/asiakaspalvel@hevitex.fi\" target=\"_blank\">Voit l\u00e4hett\u00e4\u00e4 my\u00f6s s\u00e4hk\u00f6postia asiakaspalvelu@hevitex.fi<br>Vastaamme viestiisi \/ otamme sinuun yhteytt\u00e4 viipym\u00e4tt\u00e4.<\/a><\/h2>\t\t\t\t<\/div>\n\t\t\t\t<\/div>\n\t\t\t\t\t<\/div>\n\t\t<\/div>\n\t\t\t\t\t<\/div>\n\t\t<\/section>\n\t\t\t\t<section class=\"elementor-section elementor-top-section elementor-element elementor-element-6ed75d0 elementor-section-boxed elementor-section-height-default elementor-section-height-default\" data-id=\"6ed75d0\" data-element_type=\"section\" data-e-type=\"section\">\n\t\t\t\t\t\t<div class=\"elementor-container elementor-column-gap-default\">\n\t\t\t\t\t<div class=\"elementor-column elementor-col-100 elementor-top-column elementor-element elementor-element-065f9a1\" data-id=\"065f9a1\" data-element_type=\"column\" data-e-type=\"column\">\n\t\t\t<div class=\"elementor-widget-wrap elementor-element-populated\">\n\t\t\t\t\t\t<div class=\"elementor-element elementor-element-6de6e80 elementor-widget elementor-widget-spacer\" data-id=\"6de6e80\" data-element_type=\"widget\" data-e-type=\"widget\" data-widget_type=\"spacer.default\">\n\t\t\t\t<div class=\"elementor-widget-container\">\n\t\t\t\t\t\t\t<div class=\"elementor-spacer\">\n\t\t\t<div class=\"elementor-spacer-inner\"><\/div>\n\t\t<\/div>\n\t\t\t\t\t\t<\/div>\n\t\t\t\t<\/div>\n\t\t\t\t\t<\/div>\n\t\t<\/div>\n\t\t\t\t\t<\/div>\n\t\t<\/section>\n\t\t\t\t<section class=\"elementor-section elementor-top-section elementor-element elementor-element-6b1b6bc8 elementor-section-full_width elementor-section-height-default elementor-section-height-default\" data-id=\"6b1b6bc8\" data-element_type=\"section\" data-e-type=\"section\">\n\t\t\t\t\t\t<div class=\"elementor-container elementor-column-gap-default\">\n\t\t\t\t\t<div class=\"elementor-column elementor-col-50 elementor-top-column elementor-element elementor-element-51f8b504\" data-id=\"51f8b504\" data-element_type=\"column\" data-e-type=\"column\">\n\t\t\t<div class=\"elementor-widget-wrap elementor-element-populated\">\n\t\t\t\t\t\t<div class=\"elementor-element elementor-element-a3bb8d9 elementor-widget elementor-widget-text-editor\" data-id=\"a3bb8d9\" data-element_type=\"widget\" data-e-type=\"widget\" data-widget_type=\"text-editor.default\">\n\t\t\t\t<div class=\"elementor-widget-container\">\n\t\t\t\t\t\t\t\t\t<h2>Ollaan yhteydess\u00e4!<\/h2>\t\t\t\t\t\t\t\t<\/div>\n\t\t\t\t<\/div>\n\t\t\t\t\t<\/div>\n\t\t<\/div>\n\t\t\t\t<div class=\"elementor-column elementor-col-50 elementor-top-column elementor-element elementor-element-6b882b29\" data-id=\"6b882b29\" data-element_type=\"column\" data-e-type=\"column\">\n\t\t\t<div class=\"elementor-widget-wrap elementor-element-populated\">\n\t\t\t\t\t\t<div class=\"elementor-element elementor-element-33b815d8 elementor-button-align-end elementor-widget elementor-widget-form\" data-id=\"33b815d8\" data-element_type=\"widget\" data-e-type=\"widget\" data-settings=\"{&quot;step_next_label&quot;:&quot;SEURAAVA&quot;,&quot;step_previous_label&quot;:&quot;EDELLINEN&quot;,&quot;button_width&quot;:&quot;100&quot;,&quot;step_type&quot;:&quot;number_text&quot;,&quot;step_icon_shape&quot;:&quot;circle&quot;}\" data-widget_type=\"form.default\">\n\t\t\t\t<div class=\"elementor-widget-container\">\n\t\t\t\t\t\t\t<form class=\"elementor-form\" method=\"post\" name=\"New Form\">\n\t\t\t<input type=\"hidden\" name=\"post_id\" value=\"2629\"\/>\n\t\t\t<input type=\"hidden\" name=\"form_id\" value=\"33b815d8\"\/>\n\t\t\t<input type=\"hidden\" name=\"referer_title\" value=\"Yhteystiedot - Hevitex Oy\" \/>\n\n\t\t\t\t\t\t\t<input type=\"hidden\" name=\"queried_id\" value=\"2629\"\/>\n\t\t\t\n\t\t\t<div class=\"elementor-form-fields-wrapper elementor-labels-\">\n\t\t\t\t\t\t\t\t<div class=\"elementor-field-type-text elementor-field-group elementor-column elementor-field-group-name elementor-col-100\">\n\t\t\t\t\t\t\t\t\t\t\t\t<label for=\"form-field-name\" class=\"elementor-field-label elementor-screen-only\">\n\t\t\t\t\t\t\t\tNIMI\t\t\t\t\t\t\t<\/label>\n\t\t\t\t\t\t\t\t\t\t\t\t\t\t<input size=\"1\" type=\"text\" name=\"form_fields[name]\" id=\"form-field-name\" class=\"elementor-field elementor-size-sm  elementor-field-textual\" placeholder=\"NIMI\">\n\t\t\t\t\t\t\t\t\t\t\t<\/div>\n\t\t\t\t\t\t\t\t<div class=\"elementor-field-type-tel elementor-field-group elementor-column elementor-field-group-email elementor-col-100 elementor-field-required\">\n\t\t\t\t\t\t\t\t\t\t\t\t<label for=\"form-field-email\" class=\"elementor-field-label elementor-screen-only\">\n\t\t\t\t\t\t\t\tPUHELINNUMEROSI\t\t\t\t\t\t\t<\/label>\n\t\t\t\t\t\t\t\t<input size=\"1\" type=\"tel\" name=\"form_fields[email]\" id=\"form-field-email\" class=\"elementor-field elementor-size-sm  elementor-field-textual\" placeholder=\"PUHELINNUMEROSI\" required=\"required\" pattern=\"[0-9()#&amp;+*-=.]+\" title=\"Only numbers and phone characters (#, -, *, etc) are accepted.\">\n\n\t\t\t\t\t\t<\/div>\n\t\t\t\t\t\t\t\t<div class=\"elementor-field-type-email elementor-field-group elementor-column elementor-field-group-field_1 elementor-col-100 elementor-field-required\">\n\t\t\t\t\t\t\t\t\t\t\t\t<label for=\"form-field-field_1\" class=\"elementor-field-label elementor-screen-only\">\n\t\t\t\t\t\t\t\tS\u00c4HK\u00d6POSTISI\t\t\t\t\t\t\t<\/label>\n\t\t\t\t\t\t\t\t\t\t\t\t\t\t<input size=\"1\" type=\"email\" name=\"form_fields[field_1]\" id=\"form-field-field_1\" class=\"elementor-field elementor-size-sm  elementor-field-textual\" placeholder=\"S\u00c4HK\u00d6POSTISI\" required=\"required\">\n\t\t\t\t\t\t\t\t\t\t\t<\/div>\n\t\t\t\t\t\t\t\t<div class=\"elementor-field-group elementor-column elementor-field-type-submit elementor-col-100 e-form__buttons\">\n\t\t\t\t\t<button class=\"elementor-button elementor-size-md\" type=\"submit\">\n\t\t\t\t\t\t<span class=\"elementor-button-content-wrapper\">\n\t\t\t\t\t\t\t\t\t\t\t\t\t\t\t\t\t\t\t\t\t\t<span class=\"elementor-button-text\">l\u00e4het\u00e4<\/span>\n\t\t\t\t\t\t\t\t\t\t\t\t\t<\/span>\n\t\t\t\t\t<\/button>\n\t\t\t\t<\/div>\n\t\t\t<\/div>\n\t\t<\/form>\n\t\t\t\t\t\t<\/div>\n\t\t\t\t<\/div>\n\t\t\t\t\t<\/div>\n\t\t<\/div>\n\t\t\t\t\t<\/div>\n\t\t<\/section>\n\t\t\t\t<\/div>\n\t\t","protected":false},"excerpt":{"rendered":"<p>Otamme meihin yhteytt\u00e4, autamme mielell\u00e4mme. Nopeinta palvelua saat soittamalla asiakaspalveluumme050-338 9595. Tavoitat meid\u00e4t my\u00f6s ns. virallisen virka-ajan j\u00e4lkeen. Voit l\u00e4hett\u00e4\u00e4 my\u00f6s s\u00e4hk\u00f6postia asiakaspalvelu@hevitex.fiVastaamme viestiisi \/ otamme sinuun yhteytt\u00e4 viipym\u00e4tt\u00e4. Ollaan yhteydess\u00e4!<\/p>\n","protected":false},"author":1,"featured_media":0,"parent":0,"menu_order":0,"comment_status":"closed","ping_status":"closed","template":"elementor_header_footer","meta":{"_acf_changed":false,"footnotes":""},"class_list":["post-2629","page","type-page","status-publish","hentry"],"acf":[],"yoast_head":"<!-- This site is optimized with the Yoast SEO plugin v27.5 - https:\/\/yoast.com\/product\/yoast-seo-wordpress\/ -->\n<title>Yhteystiedot - Hevitex Oy<\/title>\n<meta name=\"robots\" content=\"index, follow, max-snippet:-1, max-image-preview:large, max-video-preview:-1\" \/>\n<link rel=\"canonical\" href=\"https:\/\/www.hevitex.fi\/?page_id=2629\" \/>\n<meta property=\"og:locale\" content=\"fi_FI\" \/>\n<meta property=\"og:type\" content=\"article\" \/>\n<meta property=\"og:title\" content=\"Yhteystiedot - Hevitex Oy\" \/>\n<meta property=\"og:description\" content=\"Otamme meihin yhteytt\u00e4, autamme mielell\u00e4mme. Nopeinta palvelua saat soittamalla asiakaspalveluumme050-338 9595. Tavoitat meid\u00e4t my\u00f6s ns. virallisen virka-ajan j\u00e4lkeen. Voit l\u00e4hett\u00e4\u00e4 my\u00f6s s\u00e4hk\u00f6postia asiakaspalvelu@hevitex.fiVastaamme viestiisi \/ otamme sinuun yhteytt\u00e4 viipym\u00e4tt\u00e4. Ollaan yhteydess\u00e4!\" \/>\n<meta property=\"og:url\" content=\"https:\/\/www.hevitex.fi\/?page_id=2629\" \/>\n<meta property=\"og:site_name\" content=\"Hevitex Oy\" \/>\n<meta property=\"article:modified_time\" content=\"2023-05-04T16:12:42+00:00\" \/>\n<meta property=\"og:image\" content=\"https:\/\/hevitex.fi\/wp-content\/uploads\/2021\/10\/ASIAKASPALVELU.jpg\" \/>\n<meta name=\"twitter:card\" content=\"summary_large_image\" \/>\n<meta name=\"twitter:label1\" content=\"Arvioitu lukuaika\" \/>\n\t<meta name=\"twitter:data1\" content=\"1 minuutti\" \/>\n<script type=\"application\/ld+json\" class=\"yoast-schema-graph\">{\"@context\":\"https:\\\/\\\/schema.org\",\"@graph\":[{\"@type\":\"WebPage\",\"@id\":\"https:\\\/\\\/www.hevitex.fi\\\/?page_id=2629\",\"url\":\"https:\\\/\\\/www.hevitex.fi\\\/?page_id=2629\",\"name\":\"Yhteystiedot - Hevitex Oy\",\"isPartOf\":{\"@id\":\"https:\\\/\\\/hevitex.fi\\\/#website\"},\"primaryImageOfPage\":{\"@id\":\"https:\\\/\\\/www.hevitex.fi\\\/?page_id=2629#primaryimage\"},\"image\":{\"@id\":\"https:\\\/\\\/www.hevitex.fi\\\/?page_id=2629#primaryimage\"},\"thumbnailUrl\":\"https:\\\/\\\/hevitex.fi\\\/wp-content\\\/uploads\\\/2021\\\/10\\\/ASIAKASPALVELU.jpg\",\"datePublished\":\"2021-10-14T14:20:41+00:00\",\"dateModified\":\"2023-05-04T16:12:42+00:00\",\"breadcrumb\":{\"@id\":\"https:\\\/\\\/www.hevitex.fi\\\/?page_id=2629#breadcrumb\"},\"inLanguage\":\"fi\",\"potentialAction\":[{\"@type\":\"ReadAction\",\"target\":[\"https:\\\/\\\/www.hevitex.fi\\\/?page_id=2629\"]}]},{\"@type\":\"ImageObject\",\"inLanguage\":\"fi\",\"@id\":\"https:\\\/\\\/www.hevitex.fi\\\/?page_id=2629#primaryimage\",\"url\":\"https:\\\/\\\/hevitex.fi\\\/wp-content\\\/uploads\\\/2021\\\/10\\\/ASIAKASPALVELU.jpg\",\"contentUrl\":\"https:\\\/\\\/hevitex.fi\\\/wp-content\\\/uploads\\\/2021\\\/10\\\/ASIAKASPALVELU.jpg\"},{\"@type\":\"BreadcrumbList\",\"@id\":\"https:\\\/\\\/www.hevitex.fi\\\/?page_id=2629#breadcrumb\",\"itemListElement\":[{\"@type\":\"ListItem\",\"position\":1,\"name\":\"Home\",\"item\":\"https:\\\/\\\/hevitex.fi\\\/\"},{\"@type\":\"ListItem\",\"position\":2,\"name\":\"Yhteystiedot\"}]},{\"@type\":\"WebSite\",\"@id\":\"https:\\\/\\\/hevitex.fi\\\/#website\",\"url\":\"https:\\\/\\\/hevitex.fi\\\/\",\"name\":\"Hevitex Oy\",\"description\":\"Mainos -ja liikelahjat\",\"publisher\":{\"@id\":\"https:\\\/\\\/hevitex.fi\\\/#organization\"},\"potentialAction\":[{\"@type\":\"SearchAction\",\"target\":{\"@type\":\"EntryPoint\",\"urlTemplate\":\"https:\\\/\\\/hevitex.fi\\\/?s={search_term_string}\"},\"query-input\":{\"@type\":\"PropertyValueSpecification\",\"valueRequired\":true,\"valueName\":\"search_term_string\"}}],\"inLanguage\":\"fi\"},{\"@type\":\"Organization\",\"@id\":\"https:\\\/\\\/hevitex.fi\\\/#organization\",\"name\":\"Hevitex Oy\",\"url\":\"https:\\\/\\\/hevitex.fi\\\/\",\"logo\":{\"@type\":\"ImageObject\",\"inLanguage\":\"fi\",\"@id\":\"https:\\\/\\\/hevitex.fi\\\/#\\\/schema\\\/logo\\\/image\\\/\",\"url\":\"https:\\\/\\\/www.hevitex.fi\\\/wp-content\\\/uploads\\\/2020\\\/02\\\/Hevitex_logo_5.10.2021-1-e1634214465393.jpg\",\"contentUrl\":\"https:\\\/\\\/www.hevitex.fi\\\/wp-content\\\/uploads\\\/2020\\\/02\\\/Hevitex_logo_5.10.2021-1-e1634214465393.jpg\",\"width\":70,\"height\":70,\"caption\":\"Hevitex Oy\"},\"image\":{\"@id\":\"https:\\\/\\\/hevitex.fi\\\/#\\\/schema\\\/logo\\\/image\\\/\"}}]}<\/script>\n<!-- \/ Yoast SEO plugin. -->","yoast_head_json":{"title":"Yhteystiedot - Hevitex Oy","robots":{"index":"index","follow":"follow","max-snippet":"max-snippet:-1","max-image-preview":"max-image-preview:large","max-video-preview":"max-video-preview:-1"},"canonical":"https:\/\/www.hevitex.fi\/?page_id=2629","og_locale":"fi_FI","og_type":"article","og_title":"Yhteystiedot - Hevitex Oy","og_description":"Otamme meihin yhteytt\u00e4, autamme mielell\u00e4mme. Nopeinta palvelua saat soittamalla asiakaspalveluumme050-338 9595. Tavoitat meid\u00e4t my\u00f6s ns. virallisen virka-ajan j\u00e4lkeen. Voit l\u00e4hett\u00e4\u00e4 my\u00f6s s\u00e4hk\u00f6postia asiakaspalvelu@hevitex.fiVastaamme viestiisi \/ otamme sinuun yhteytt\u00e4 viipym\u00e4tt\u00e4. Ollaan yhteydess\u00e4!","og_url":"https:\/\/www.hevitex.fi\/?page_id=2629","og_site_name":"Hevitex Oy","article_modified_time":"2023-05-04T16:12:42+00:00","og_image":[{"url":"https:\/\/hevitex.fi\/wp-content\/uploads\/2021\/10\/ASIAKASPALVELU.jpg","type":"","width":"","height":""}],"twitter_card":"summary_large_image","twitter_misc":{"Arvioitu lukuaika":"1 minuutti"},"schema":{"@context":"https:\/\/schema.org","@graph":[{"@type":"WebPage","@id":"https:\/\/www.hevitex.fi\/?page_id=2629","url":"https:\/\/www.hevitex.fi\/?page_id=2629","name":"Yhteystiedot - Hevitex Oy","isPartOf":{"@id":"https:\/\/hevitex.fi\/#website"},"primaryImageOfPage":{"@id":"https:\/\/www.hevitex.fi\/?page_id=2629#primaryimage"},"image":{"@id":"https:\/\/www.hevitex.fi\/?page_id=2629#primaryimage"},"thumbnailUrl":"https:\/\/hevitex.fi\/wp-content\/uploads\/2021\/10\/ASIAKASPALVELU.jpg","datePublished":"2021-10-14T14:20:41+00:00","dateModified":"2023-05-04T16:12:42+00:00","breadcrumb":{"@id":"https:\/\/www.hevitex.fi\/?page_id=2629#breadcrumb"},"inLanguage":"fi","potentialAction":[{"@type":"ReadAction","target":["https:\/\/www.hevitex.fi\/?page_id=2629"]}]},{"@type":"ImageObject","inLanguage":"fi","@id":"https:\/\/www.hevitex.fi\/?page_id=2629#primaryimage","url":"https:\/\/hevitex.fi\/wp-content\/uploads\/2021\/10\/ASIAKASPALVELU.jpg","contentUrl":"https:\/\/hevitex.fi\/wp-content\/uploads\/2021\/10\/ASIAKASPALVELU.jpg"},{"@type":"BreadcrumbList","@id":"https:\/\/www.hevitex.fi\/?page_id=2629#breadcrumb","itemListElement":[{"@type":"ListItem","position":1,"name":"Home","item":"https:\/\/hevitex.fi\/"},{"@type":"ListItem","position":2,"name":"Yhteystiedot"}]},{"@type":"WebSite","@id":"https:\/\/hevitex.fi\/#website","url":"https:\/\/hevitex.fi\/","name":"Hevitex Oy","description":"Mainos -ja liikelahjat","publisher":{"@id":"https:\/\/hevitex.fi\/#organization"},"potentialAction":[{"@type":"SearchAction","target":{"@type":"EntryPoint","urlTemplate":"https:\/\/hevitex.fi\/?s={search_term_string}"},"query-input":{"@type":"PropertyValueSpecification","valueRequired":true,"valueName":"search_term_string"}}],"inLanguage":"fi"},{"@type":"Organization","@id":"https:\/\/hevitex.fi\/#organization","name":"Hevitex Oy","url":"https:\/\/hevitex.fi\/","logo":{"@type":"ImageObject","inLanguage":"fi","@id":"https:\/\/hevitex.fi\/#\/schema\/logo\/image\/","url":"https:\/\/www.hevitex.fi\/wp-content\/uploads\/2020\/02\/Hevitex_logo_5.10.2021-1-e1634214465393.jpg","contentUrl":"https:\/\/www.hevitex.fi\/wp-content\/uploads\/2020\/02\/Hevitex_logo_5.10.2021-1-e1634214465393.jpg","width":70,"height":70,"caption":"Hevitex Oy"},"image":{"@id":"https:\/\/hevitex.fi\/#\/schema\/logo\/image\/"}}]}},"_links":{"self":[{"href":"https:\/\/www.hevitex.fi\/index.php?rest_route=\/wp\/v2\/pages\/2629","targetHints":{"allow":["GET"]}}],"collection":[{"href":"https:\/\/www.hevitex.fi\/index.php?rest_route=\/wp\/v2\/pages"}],"about":[{"href":"https:\/\/www.hevitex.fi\/index.php?rest_route=\/wp\/v2\/types\/page"}],"author":[{"embeddable":true,"href":"https:\/\/www.hevitex.fi\/index.php?rest_route=\/wp\/v2\/users\/1"}],"replies":[{"embeddable":true,"href":"https:\/\/www.hevitex.fi\/index.php?rest_route=%2Fwp%2Fv2%2Fcomments&post=2629"}],"version-history":[{"count":5,"href":"https:\/\/www.hevitex.fi\/index.php?rest_route=\/wp\/v2\/pages\/2629\/revisions"}],"predecessor-version":[{"id":3773,"href":"https:\/\/www.hevitex.fi\/index.php?rest_route=\/wp\/v2\/pages\/2629\/revisions\/3773"}],"wp:attachment":[{"href":"https:\/\/www.hevitex.fi\/index.php?rest_route=%2Fwp%2Fv2%2Fmedia&parent=2629"}],"curies":[{"name":"wp","href":"https:\/\/api.w.org\/{rel}","templated":true}]}}